{"id":1223,"date":"2018-03-20T04:56:30","date_gmt":"2018-03-20T04:56:30","guid":{"rendered":"https:\/\/eastgate.co\/projects\/confida\/?page_id=1223"},"modified":"2022-08-12T09:27:56","modified_gmt":"2022-08-12T09:27:56","slug":"porez","status":"publish","type":"page","link":"https:\/\/confida.simulus.hr\/hr\/porez\/","title":{"rendered":"Porez"},"content":{"rendered":"<p>[fusion_builder_container hundred_percent=&#8221;no&#8221; hundred_percent_height=&#8221;no&#8221; hundred_percent_height_scroll=&#8221;no&#8221; hundred_percent_height_center_content=&#8221;yes&#8221; equal_height_columns=&#8221;no&#8221; menu_anchor=&#8221;&#8221; hide_on_mobile=&#8221;small-visibility,medium-visibility,large-visibility&#8221; class=&#8221;&#8221; id=&#8221;&#8221; background_color=&#8221;&#8221; background_image=&#8221;&#8221; background_position=&#8221;center center&#8221; background_repeat=&#8221;no-repeat&#8221; fade=&#8221;no&#8221; background_parallax=&#8221;none&#8221; enable_mobile=&#8221;no&#8221; parallax_speed=&#8221;0.3&#8243; video_mp4=&#8221;&#8221; video_webm=&#8221;&#8221; video_ogv=&#8221;&#8221; video_url=&#8221;&#8221; video_aspect_ratio=&#8221;16:9&#8243; video_loop=&#8221;yes&#8221; video_mute=&#8221;yes&#8221; video_preview_image=&#8221;&#8221; border_color=&#8221;&#8221; border_style=&#8221;solid&#8221; margin_top=&#8221;&#8221; margin_bottom=&#8221;&#8221; padding_top=&#8221;&#8221; padding_right=&#8221;&#8221; padding_bottom=&#8221;&#8221; padding_left=&#8221;&#8221; type=&#8221;legacy&#8221;][fusion_builder_row][fusion_builder_column type=&#8221;1_2&#8243; layout=&#8221;1_2&#8243; spacing=&#8221;&#8221; center_content=&#8221;no&#8221; link=&#8221;&#8221; target=&#8221;_self&#8221; min_height=&#8221;&#8221; hide_on_mobile=&#8221;small-visibility,medium-visibility,large-visibility&#8221; class=&#8221;&#8221; id=&#8221;&#8221; background_color=&#8221;#ffffff&#8221; background_image=&#8221;&#8221; background_position=&#8221;left top&#8221; undefined=&#8221;&#8221; background_repeat=&#8221;no-repeat&#8221; hover_type=&#8221;none&#8221; border_color=&#8221;#efefef&#8221; border_style=&#8221;solid&#8221; border_position=&#8221;all&#8221; padding_top=&#8221;10&#8243; padding_right=&#8221;20&#8243; padding_bottom=&#8221;20&#8243; padding_left=&#8221;20&#8243; margin_top=&#8221;&#8221; margin_bottom=&#8221;&#8221; animation_type=&#8221;&#8221; animation_direction=&#8221;left&#8221; animation_speed=&#8221;0.3&#8243; animation_offset=&#8221;&#8221; last=&#8221;false&#8221; border_sizes_top=&#8221;1&#8243; border_sizes_bottom=&#8221;1&#8243; border_sizes_left=&#8221;1&#8243; border_sizes_right=&#8221;1&#8243; first=&#8221;true&#8221; spacing_right=&#8221;&#8221;][fusion_text columns=&#8221;&#8221; column_min_width=&#8221;&#8221; column_spacing=&#8221;&#8221; rule_style=&#8221;default&#8221; rule_size=&#8221;&#8221; rule_color=&#8221;&#8221; content_alignment_medium=&#8221;&#8221; content_alignment_small=&#8221;&#8221; content_alignment=&#8221;&#8221; hide_on_mobile=&#8221;small-visibility,medium-visibility,large-visibility&#8221; sticky_display=&#8221;normal,sticky&#8221; class=&#8221;&#8221; id=&#8221;&#8221; margin_top=&#8221;&#8221; margin_right=&#8221;&#8221; margin_bottom=&#8221;&#8221; margin_left=&#8221;&#8221; font_size=&#8221;&#8221; fusion_font_family_text_font=&#8221;&#8221; fusion_font_variant_text_font=&#8221;&#8221; line_height=&#8221;&#8221; letter_spacing=&#8221;&#8221; text_color=&#8221;&#8221; animation_type=&#8221;&#8221; animation_direction=&#8221;left&#8221; animation_speed=&#8221;0.3&#8243; animation_offset=&#8221;&#8221;]<\/p>\n<h3 dir=\"ltr\">Porez<\/h3>\n<p><span style=\"font-weight: 400;\">Budu\u0107i da financijsko ra\u010dunovodstvo i porez na dohodak postaju sve slo\u017eenija usluga, porezne slu\u017ebe moraju slijediti najnovije smjernice i propise koji se odnose na izra\u010dun poreza na dohodak i odgovaraju\u0107u dokumentaciju. Istodobno, porezne slu\u017ebe imaju zada\u0107u procjenjivati \u200b\u200bsvoje porezne i tehnolo\u0161ke sustave te ih u\u010diniti pouzdanima i u\u010dinkovitima. Confidini porezni stru\u010dnjaci pru\u017eiti \u0107e Vam sva potrebna znanja, kao i standardizirane procese, kako bi se olak\u0161alo rje\u0161avanje svih poreznih nedoumica.<\/span><\/p>\n<p><span style=\"font-weight: 400;\">Porezno savjetovanje nije ograni\u010deno na pripremu financijskih izvje\u0161taja o poreznim prihodima, ve\u0107 obuhva\u0107a sva relevantna podru\u010dja fiskalnih i pravnih pitanja koja se odnose na poslovno savjetovanje. Aktivno savjetujemo optimizaciju kompanija identificiraju\u0107i klju\u010dne problemati\u010dne \u010dimbenike te pronalazimo rje\u0161enja za unaprije\u0111enje Va\u0161eg poslovanja.<\/span><\/p>\n<p><span style=\"font-weight: 400;\">Zahvaljuju\u0107i velikoj konfiguraciji mre\u017ee kontakata s odvjetnicima, dr\u017eavnim agencijama, bankama i drugim javnim tijelima, nudimo sveobuhvatne i suvremene konzultantske usluge.<\/span><\/p>\n<p><span style=\"font-weight: 400;\">\u00a0<\/span><\/p>\n<p>[\/fusion_text][\/fusion_builder_column][fusion_builder_column type=&#8221;1_2&#8243; layout=&#8221;1_2&#8243; spacing=&#8221;&#8221; center_content=&#8221;no&#8221; link=&#8221;&#8221; target=&#8221;_self&#8221; min_height=&#8221;&#8221; hide_on_mobile=&#8221;small-visibility,medium-visibility,large-visibility&#8221; class=&#8221;&#8221; id=&#8221;&#8221; background_color=&#8221;#ffffff&#8221; background_image=&#8221;&#8221; background_position=&#8221;left top&#8221; undefined=&#8221;&#8221; background_repeat=&#8221;no-repeat&#8221; hover_type=&#8221;none&#8221; border_color=&#8221;#ededed&#8221; border_style=&#8221;solid&#8221; border_position=&#8221;all&#8221; padding_top=&#8221;10&#8243; padding_right=&#8221;20&#8243; padding_bottom=&#8221;40&#8243; padding_left=&#8221;20&#8243; margin_top=&#8221;&#8221; margin_bottom=&#8221;&#8221; animation_type=&#8221;&#8221; animation_direction=&#8221;left&#8221; animation_speed=&#8221;0.3&#8243; animation_offset=&#8221;&#8221; last=&#8221;true&#8221; border_sizes_top=&#8221;1&#8243; border_sizes_bottom=&#8221;1&#8243; border_sizes_left=&#8221;1&#8243; border_sizes_right=&#8221;1&#8243; first=&#8221;false&#8221;][fusion_text columns=&#8221;&#8221; column_min_width=&#8221;&#8221; column_spacing=&#8221;&#8221; rule_style=&#8221;default&#8221; rule_size=&#8221;&#8221; rule_color=&#8221;&#8221; content_alignment_medium=&#8221;&#8221; content_alignment_small=&#8221;&#8221; content_alignment=&#8221;&#8221; hide_on_mobile=&#8221;small-visibility,medium-visibility,large-visibility&#8221; sticky_display=&#8221;normal,sticky&#8221; class=&#8221;&#8221; id=&#8221;&#8221; margin_top=&#8221;&#8221; margin_right=&#8221;&#8221; margin_bottom=&#8221;&#8221; margin_left=&#8221;&#8221; font_size=&#8221;&#8221; fusion_font_family_text_font=&#8221;&#8221; fusion_font_variant_text_font=&#8221;&#8221; line_height=&#8221;&#8221; letter_spacing=&#8221;&#8221; text_color=&#8221;&#8221; animation_type=&#8221;&#8221; animation_direction=&#8221;left&#8221; animation_speed=&#8221;0.3&#8243; animation_offset=&#8221;&#8221;]<\/p>\n<h3 dir=\"ltr\"><strong>Me\u0111unarodni porez<\/strong><\/h3>\n<p><span style=\"font-weight: 400;\">Zbog sve ve\u0107ih zahtjeva na globalnoj razini, me\u0111unarodno planiranje postaje klju\u010dno za sve tvrtke.\u00a0<\/span><span style=\"font-weight: 400;\">Confida svojim klijentima nudi razli\u010dite strategije i modele za pojedine porezne optimizacije, uzimaju\u0107i u obzir sve zakonske norme kao i nacionalne i me\u0111unarodne propise.<\/span><\/p>\n<h3><strong>Porezno savjetovanje<\/strong><\/h3>\n<p><span style=\"font-weight: 400;\">Confida nudi pravovaljano porezno rje\u0161enje koje se fokusira na pru\u017eanje informacija vlasnicima tvrtki o na\u010dinu kako upravljati porezima i kako potaknuti razvoj\u00a0 j poreznih procesa koji se odnose na njihovo poslovanje. Uz podr\u0161ku Me\u0111unarodnog odjela za oporezivanje, brzo i vjerodostojno se rje\u0161avaju svi rizici koji se odnose na nepo\u0161tivanje propisa.<\/span><\/p>\n<p>[\/fusion_text][\/fusion_builder_column][fusion_builder_column type=&#8221;1_1&#8243; layout=&#8221;1_1&#8243; spacing=&#8221;&#8221; center_content=&#8221;no&#8221; link=&#8221;&#8221; target=&#8221;_self&#8221; min_height=&#8221;&#8221; hide_on_mobile=&#8221;small-visibility,medium-visibility,large-visibility&#8221; class=&#8221;&#8221; id=&#8221;&#8221; background_color=&#8221;#ffffff&#8221; background_image=&#8221;&#8221; background_position=&#8221;left top&#8221; undefined=&#8221;&#8221; background_repeat=&#8221;no-repeat&#8221; hover_type=&#8221;none&#8221; border_color=&#8221;#ededed&#8221; border_style=&#8221;solid&#8221; border_position=&#8221;all&#8221; padding_top=&#8221;10&#8243; padding_right=&#8221;20&#8243; padding_bottom=&#8221;20&#8243; padding_left=&#8221;20&#8243; margin_top=&#8221;&#8221; margin_bottom=&#8221;&#8221; animation_type=&#8221;&#8221; animation_direction=&#8221;left&#8221; animation_speed=&#8221;0.3&#8243; animation_offset=&#8221;&#8221; last=&#8221;true&#8221; border_sizes_top=&#8221;1&#8243; border_sizes_bottom=&#8221;1&#8243; border_sizes_left=&#8221;1&#8243; border_sizes_right=&#8221;1&#8243; first=&#8221;true&#8221;][fusion_text columns=&#8221;&#8221; column_min_width=&#8221;&#8221; column_spacing=&#8221;&#8221; rule_style=&#8221;default&#8221; rule_size=&#8221;&#8221; rule_color=&#8221;&#8221; content_alignment_medium=&#8221;&#8221; content_alignment_small=&#8221;&#8221; content_alignment=&#8221;&#8221; hide_on_mobile=&#8221;small-visibility,medium-visibility,large-visibility&#8221; sticky_display=&#8221;normal,sticky&#8221; class=&#8221;&#8221; id=&#8221;&#8221; margin_top=&#8221;&#8221; margin_right=&#8221;&#8221; margin_bottom=&#8221;&#8221; margin_left=&#8221;&#8221; font_size=&#8221;&#8221; fusion_font_family_text_font=&#8221;&#8221; fusion_font_variant_text_font=&#8221;&#8221; line_height=&#8221;&#8221; letter_spacing=&#8221;&#8221; text_color=&#8221;&#8221; animation_type=&#8221;&#8221; animation_direction=&#8221;left&#8221; animation_speed=&#8221;0.3&#8243; animation_offset=&#8221;&#8221;]<\/p>\n<h3 dir=\"ltr\">Metodologija<\/h3>\n<p dir=\"ltr\"><span style=\"font-weight: 400;\">Metodologija koju Confida koristi u svojoj poreznoj uskla\u0111enosti nudi tvrtkama dinami\u010dan na\u010din upravljanja poreznim uskla\u0111enostima i po\u0161tivanjem rokova, a istovremeno \u0161tedi vrijeme tvrtkama s velikim optere\u0107enjem. Dubina me\u0111unarodnog znanja i iskustva u poreznom uskla\u0111ivanju omogu\u0107ava tvrtkama fleksibilnost u transparentnom rje\u0161avanju lokalnih i regionalnih poreznih pitanja.<\/span><\/p>\n<p><span style=\"font-weight: 400;\">Usluga Confida uklju\u010duje:<\/span><\/p>\n<ul>\n<li><span style=\"font-weight: 400;\"> Podr\u0161ka za pokretanje &#8211; registracija tvrtke<\/span><\/li>\n<li><span style=\"font-weight: 400;\"> Uskla\u0111ivanje poreza i organizacija podataka<\/span><\/li>\n<li><span style=\"font-weight: 400;\"> Porezni savjet<\/span><\/li>\n<\/ul>\n<p>[\/fusion_text][\/fusion_builder_column][\/fusion_builder_row][\/fusion_builder_container][fusion_global id=&#8221;1295&#8243;]<\/p>\n","protected":false},"excerpt":{"rendered":"<p>[fusion_builder_container hundred_percent=&#8221;no&#8221; hundred_percent_height=&#8221;no&#8221; hundred_percent_height_scroll=&#8221;no&#8221; hundred_percent_height_center_content=&#8221;yes&#8221; equal_height_columns=&#8221;no&#8221; menu_anchor=&#8221;&#8221; hide_on_mobile=&#8221;small-visibility,medium-visibility,large-visibility&#8221; class=&#8221;&#8221; id=&#8221;&#8221; background_color=&#8221;&#8221; background_image=&#8221;&#8221; background_position=&#8221;center center&#8221; background_repeat=&#8221;no-repeat&#8221; fade=&#8221;no&#8221; background_parallax=&#8221;none&#8221; enable_mobile=&#8221;no&#8221; parallax_speed=&#8221;0.3&#8243; video_mp4=&#8221;&#8221; video_webm=&#8221;&#8221; video_ogv=&#8221;&#8221; video_url=&#8221;&#8221; video_aspect_ratio=&#8221;16:9&#8243; video_loop=&#8221;yes&#8221; video_mute=&#8221;yes&#8221; video_preview_image=&#8221;&#8221; border_color=&#8221;&#8221; border_style=&#8221;solid&#8221; margin_top=&#8221;&#8221; [&hellip;]<\/p>\n","protected":false},"author":1,"featured_media":0,"parent":0,"menu_order":0,"comment_status":"closed","ping_status":"closed","template":"100-width.php","meta":{"footnotes":""},"yoast_head":"<!-- This site is optimized with the Yoast SEO plugin v16.4 - https:\/\/yoast.com\/wordpress\/plugins\/seo\/ -->\n<title>Porez - Confida<\/title>\n<meta name=\"robots\" content=\"index, follow, max-snippet:-1, max-image-preview:large, max-video-preview:-1\" \/>\n<link rel=\"canonical\" href=\"https:\/\/confida.simulus.hr\/hr\/porez\/\" \/>\n<meta property=\"og:locale\" content=\"en_US\" \/>\n<meta property=\"og:type\" content=\"article\" \/>\n<meta property=\"og:title\" content=\"Porez - Confida\" \/>\n<meta property=\"og:description\" content=\"[fusion_builder_container hundred_percent=&#8221;no&#8221; hundred_percent_height=&#8221;no&#8221; hundred_percent_height_scroll=&#8221;no&#8221; hundred_percent_height_center_content=&#8221;yes&#8221; equal_height_columns=&#8221;no&#8221; menu_anchor=&#8221;&#8221; hide_on_mobile=&#8221;small-visibility,medium-visibility,large-visibility&#8221; class=&#8221;&#8221; id=&#8221;&#8221; background_color=&#8221;&#8221; background_image=&#8221;&#8221; background_position=&#8221;center center&#8221; background_repeat=&#8221;no-repeat&#8221; fade=&#8221;no&#8221; background_parallax=&#8221;none&#8221; enable_mobile=&#8221;no&#8221; parallax_speed=&#8221;0.3&#8243; video_mp4=&#8221;&#8221; video_webm=&#8221;&#8221; video_ogv=&#8221;&#8221; video_url=&#8221;&#8221; video_aspect_ratio=&#8221;16:9&#8243; video_loop=&#8221;yes&#8221; video_mute=&#8221;yes&#8221; video_preview_image=&#8221;&#8221; border_color=&#8221;&#8221; border_style=&#8221;solid&#8221; margin_top=&#8221;&#8221; [&hellip;]\" \/>\n<meta property=\"og:url\" content=\"https:\/\/confida.simulus.hr\/hr\/porez\/\" \/>\n<meta property=\"og:site_name\" content=\"Confida\" \/>\n<meta property=\"article:modified_time\" content=\"2022-08-12T09:27:56+00:00\" \/>\n<meta name=\"twitter:card\" content=\"summary_large_image\" \/>\n<meta name=\"twitter:label1\" content=\"Est. reading time\" \/>\n\t<meta name=\"twitter:data1\" content=\"5 minutes\" \/>\n<script type=\"application\/ld+json\" class=\"yoast-schema-graph\">{\"@context\":\"https:\/\/schema.org\",\"@graph\":[{\"@type\":\"WebSite\",\"@id\":\"https:\/\/confida.simulus.hr\/hr\/#website\",\"url\":\"https:\/\/confida.simulus.hr\/hr\/\",\"name\":\"Confida\",\"description\":\"Tax Audit Consulting\",\"potentialAction\":[{\"@type\":\"SearchAction\",\"target\":\"https:\/\/confida.simulus.hr\/hr\/?s={search_term_string}\",\"query-input\":\"required name=search_term_string\"}],\"inLanguage\":\"en\"},{\"@type\":\"WebPage\",\"@id\":\"https:\/\/confida.simulus.hr\/hr\/porez\/#webpage\",\"url\":\"https:\/\/confida.simulus.hr\/hr\/porez\/\",\"name\":\"Porez - Confida\",\"isPartOf\":{\"@id\":\"https:\/\/confida.simulus.hr\/hr\/#website\"},\"datePublished\":\"2018-03-20T04:56:30+00:00\",\"dateModified\":\"2022-08-12T09:27:56+00:00\",\"breadcrumb\":{\"@id\":\"https:\/\/confida.simulus.hr\/hr\/porez\/#breadcrumb\"},\"inLanguage\":\"en\",\"potentialAction\":[{\"@type\":\"ReadAction\",\"target\":[\"https:\/\/confida.simulus.hr\/hr\/porez\/\"]}]},{\"@type\":\"BreadcrumbList\",\"@id\":\"https:\/\/confida.simulus.hr\/hr\/porez\/#breadcrumb\",\"itemListElement\":[{\"@type\":\"ListItem\",\"position\":1,\"item\":{\"@type\":\"WebPage\",\"@id\":\"https:\/\/confida.simulus.hr\/hr\/\",\"url\":\"https:\/\/confida.simulus.hr\/hr\/\",\"name\":\"Home\"}},{\"@type\":\"ListItem\",\"position\":2,\"item\":{\"@id\":\"https:\/\/confida.simulus.hr\/hr\/porez\/#webpage\"}}]}]}<\/script>\n<!-- \/ Yoast SEO plugin. -->","_links":{"self":[{"href":"https:\/\/confida.simulus.hr\/hr\/wp-json\/wp\/v2\/pages\/1223"}],"collection":[{"href":"https:\/\/confida.simulus.hr\/hr\/wp-json\/wp\/v2\/pages"}],"about":[{"href":"https:\/\/confida.simulus.hr\/hr\/wp-json\/wp\/v2\/types\/page"}],"author":[{"embeddable":true,"href":"https:\/\/confida.simulus.hr\/hr\/wp-json\/wp\/v2\/users\/1"}],"replies":[{"embeddable":true,"href":"https:\/\/confida.simulus.hr\/hr\/wp-json\/wp\/v2\/comments?post=1223"}],"version-history":[{"count":22,"href":"https:\/\/confida.simulus.hr\/hr\/wp-json\/wp\/v2\/pages\/1223\/revisions"}],"predecessor-version":[{"id":2935,"href":"https:\/\/confida.simulus.hr\/hr\/wp-json\/wp\/v2\/pages\/1223\/revisions\/2935"}],"wp:attachment":[{"href":"https:\/\/confida.simulus.hr\/hr\/wp-json\/wp\/v2\/media?parent=1223"}],"curies":[{"name":"wp","href":"https:\/\/api.w.org\/{rel}","templated":true}]}}