{"id":1255,"date":"2018-03-22T05:09:16","date_gmt":"2018-03-22T05:09:16","guid":{"rendered":"https:\/\/eastgate.co\/projects\/confida\/?page_id=1255"},"modified":"2022-08-12T08:50:26","modified_gmt":"2022-08-12T08:50:26","slug":"financijsko-savjetovanje","status":"publish","type":"page","link":"https:\/\/confida.simulus.hr\/hr\/financijsko-savjetovanje\/","title":{"rendered":"Financijsko savjetovanje"},"content":{"rendered":"<p>[fusion_builder_container hundred_percent=&#8221;no&#8221; hundred_percent_height=&#8221;no&#8221; hundred_percent_height_scroll=&#8221;no&#8221; hundred_percent_height_center_content=&#8221;yes&#8221; equal_height_columns=&#8221;no&#8221; menu_anchor=&#8221;&#8221; hide_on_mobile=&#8221;small-visibility,medium-visibility,large-visibility&#8221; class=&#8221;&#8221; id=&#8221;&#8221; background_color=&#8221;&#8221; background_image=&#8221;&#8221; background_position=&#8221;center center&#8221; background_repeat=&#8221;no-repeat&#8221; fade=&#8221;no&#8221; background_parallax=&#8221;none&#8221; enable_mobile=&#8221;no&#8221; parallax_speed=&#8221;0.3&#8243; video_mp4=&#8221;&#8221; video_webm=&#8221;&#8221; video_ogv=&#8221;&#8221; video_url=&#8221;&#8221; video_aspect_ratio=&#8221;16:9&#8243; video_loop=&#8221;yes&#8221; video_mute=&#8221;yes&#8221; video_preview_image=&#8221;&#8221; border_color=&#8221;&#8221; border_style=&#8221;solid&#8221; margin_top=&#8221;&#8221; margin_bottom=&#8221;&#8221; padding_top=&#8221;&#8221; padding_right=&#8221;&#8221; padding_bottom=&#8221;&#8221; padding_left=&#8221;&#8221; type=&#8221;legacy&#8221;][fusion_builder_row][fusion_builder_column type=&#8221;1_2&#8243; layout=&#8221;1_2&#8243; spacing=&#8221;&#8221; center_content=&#8221;no&#8221; link=&#8221;&#8221; target=&#8221;_self&#8221; min_height=&#8221;&#8221; hide_on_mobile=&#8221;small-visibility,medium-visibility,large-visibility&#8221; class=&#8221;&#8221; id=&#8221;&#8221; background_color=&#8221;#ffffff&#8221; background_image=&#8221;&#8221; background_position=&#8221;left top&#8221; undefined=&#8221;&#8221; background_repeat=&#8221;no-repeat&#8221; hover_type=&#8221;none&#8221; border_color=&#8221;#efefef&#8221; border_style=&#8221;solid&#8221; border_position=&#8221;all&#8221; padding_top=&#8221;10&#8243; padding_right=&#8221;20&#8243; padding_bottom=&#8221;20&#8243; padding_left=&#8221;20&#8243; margin_top=&#8221;&#8221; margin_bottom=&#8221;&#8221; animation_type=&#8221;&#8221; animation_direction=&#8221;left&#8221; animation_speed=&#8221;0.3&#8243; animation_offset=&#8221;&#8221; last=&#8221;false&#8221; border_sizes_top=&#8221;1&#8243; border_sizes_bottom=&#8221;1&#8243; border_sizes_left=&#8221;1&#8243; border_sizes_right=&#8221;1&#8243; first=&#8221;true&#8221; spacing_right=&#8221;&#8221;][fusion_text columns=&#8221;&#8221; column_min_width=&#8221;&#8221; column_spacing=&#8221;&#8221; rule_style=&#8221;default&#8221; rule_size=&#8221;&#8221; rule_color=&#8221;&#8221; content_alignment_medium=&#8221;&#8221; content_alignment_small=&#8221;&#8221; content_alignment=&#8221;&#8221; hide_on_mobile=&#8221;small-visibility,medium-visibility,large-visibility&#8221; sticky_display=&#8221;normal,sticky&#8221; class=&#8221;&#8221; id=&#8221;&#8221; margin_top=&#8221;&#8221; margin_right=&#8221;&#8221; margin_bottom=&#8221;&#8221; margin_left=&#8221;&#8221; font_size=&#8221;&#8221; fusion_font_family_text_font=&#8221;&#8221; fusion_font_variant_text_font=&#8221;&#8221; line_height=&#8221;&#8221; letter_spacing=&#8221;&#8221; text_color=&#8221;&#8221; animation_type=&#8221;&#8221; animation_direction=&#8221;left&#8221; animation_speed=&#8221;0.3&#8243; animation_offset=&#8221;&#8221;]<\/p>\n<h3 dir=\"ltr\"><strong>Financijsko savjetovanje<\/strong><\/h3>\n<p>Poduze\u0107a moraju biti spremna na konstantno prilago\u0111avanje pa se tako suo\u010davaju s kompleksnim izazovima. Financijska savjetodavna slu\u017eba Confida je ovdje da Vam pomogne u uspje\u0161nom savladavanju svih izazova s kojima se suo\u010davate kroz \u0161irok raspon profesionalnih poslovnih i strate\u0161kih konzultantskih usluga.<\/p>\n<p>Za svako pojedino poduze\u0107e pripremamo potpuno prilago\u0111en pristup koji poma\u017ee u pronala\u017eenju prakti\u010dnih i u\u010dinkovitih rje\u0161enja. Tako\u0111er, u kriznim situacijama s Confidinim stru\u010dnim timom razloga za strah nema &#8211; jer smo usmjereni na gospodarsko restrukturiranje.<\/p>\n<p><span style=\"font-weight: 400;\">Najbolji prikaz na\u0161e stru\u010dnosti u financijskim savjetodavnim uslugama jesu brojni projekti koji stoje iza nas, za na\u0161e klijente.<\/span><\/p>\n<p>[\/fusion_text][\/fusion_builder_column][fusion_builder_column type=&#8221;1_2&#8243; layout=&#8221;1_2&#8243; spacing=&#8221;&#8221; center_content=&#8221;no&#8221; link=&#8221;&#8221; target=&#8221;_self&#8221; min_height=&#8221;&#8221; hide_on_mobile=&#8221;small-visibility,medium-visibility,large-visibility&#8221; class=&#8221;&#8221; id=&#8221;&#8221; background_color=&#8221;#ffffff&#8221; background_image=&#8221;&#8221; background_position=&#8221;left top&#8221; undefined=&#8221;&#8221; background_repeat=&#8221;no-repeat&#8221; hover_type=&#8221;none&#8221; border_color=&#8221;#ededed&#8221; border_style=&#8221;solid&#8221; border_position=&#8221;all&#8221; padding_top=&#8221;10&#8243; padding_right=&#8221;20&#8243; padding_bottom=&#8221;40&#8243; padding_left=&#8221;20&#8243; margin_top=&#8221;&#8221; margin_bottom=&#8221;&#8221; animation_type=&#8221;&#8221; animation_direction=&#8221;left&#8221; animation_speed=&#8221;0.3&#8243; animation_offset=&#8221;&#8221; last=&#8221;true&#8221; border_sizes_top=&#8221;1&#8243; border_sizes_bottom=&#8221;1&#8243; border_sizes_left=&#8221;1&#8243; border_sizes_right=&#8221;1&#8243; first=&#8221;false&#8221;][fusion_text]<\/p>\n<h3 dir=\"ltr\">Usluge financijskog savjetovanja<\/h3>\n<p><span style=\"font-weight: 400;\">Confida nudi sljede\u0107e usluge financijskog savjetovanja:<\/span><\/p>\n<p>[\/fusion_text][fusion_checklist icon=&#8221;fa-check&#8221; iconcolor=&#8221;#0f5388&#8243; circle=&#8221;&#8221; circlecolor=&#8221;&#8221; size=&#8221;15px&#8221; hide_on_mobile=&#8221;small-visibility,medium-visibility,large-visibility&#8221; class=&#8221;&#8221; id=&#8221;&#8221;][fusion_li_item icon=&#8221;&#8221;]<\/p>\n<p><span style=\"font-weight: 400;\">Upravljanje projektima<\/span><\/p>\n<p>[\/fusion_li_item][fusion_li_item icon=&#8221;&#8221;]<\/p>\n<p><span style=\"font-weight: 400;\">Izrada poslovnih planova<\/span><\/p>\n<p>[\/fusion_li_item][fusion_li_item icon=&#8221;&#8221;]<\/p>\n<p><span style=\"font-weight: 400;\">Provo\u0111enje tr\u017ei\u0161nih istra\u017eivanja<\/span><\/p>\n<p>[\/fusion_li_item][fusion_li_item icon=&#8221;&#8221;]<\/p>\n<p><span style=\"font-weight: 400;\">Optimizacija procesa<\/span><\/p>\n<p>[\/fusion_li_item][fusion_li_item icon=&#8221;&#8221;]<\/p>\n<p><span style=\"font-weight: 400;\">Organiziranje naplate i naplate potra\u017eivanja<\/span><\/p>\n<p>[\/fusion_li_item][fusion_li_item icon=&#8221;&#8221;]<\/p>\n<p><span style=\"font-weight: 400;\">Predvi\u0111anje i prora\u010dun<\/span><\/p>\n<p>[\/fusion_li_item][\/fusion_checklist][\/fusion_builder_column][fusion_builder_column type=&#8221;1_1&#8243; layout=&#8221;1_1&#8243; spacing=&#8221;&#8221; center_content=&#8221;no&#8221; link=&#8221;&#8221; target=&#8221;_self&#8221; min_height=&#8221;&#8221; hide_on_mobile=&#8221;small-visibility,medium-visibility,large-visibility&#8221; class=&#8221;&#8221; id=&#8221;&#8221; background_color=&#8221;#ffffff&#8221; background_image=&#8221;&#8221; background_position=&#8221;left top&#8221; undefined=&#8221;&#8221; background_repeat=&#8221;no-repeat&#8221; hover_type=&#8221;none&#8221; border_color=&#8221;#ededed&#8221; border_style=&#8221;solid&#8221; border_position=&#8221;all&#8221; padding_top=&#8221;10&#8243; padding_right=&#8221;20&#8243; padding_bottom=&#8221;20&#8243; padding_left=&#8221;20&#8243; margin_top=&#8221;&#8221; margin_bottom=&#8221;&#8221; animation_type=&#8221;&#8221; animation_direction=&#8221;left&#8221; animation_speed=&#8221;0.3&#8243; animation_offset=&#8221;&#8221; last=&#8221;true&#8221; border_sizes_top=&#8221;1&#8243; border_sizes_bottom=&#8221;1&#8243; border_sizes_left=&#8221;1&#8243; border_sizes_right=&#8221;1&#8243; first=&#8221;true&#8221;][fusion_text columns=&#8221;&#8221; column_min_width=&#8221;&#8221; column_spacing=&#8221;&#8221; rule_style=&#8221;default&#8221; rule_size=&#8221;&#8221; rule_color=&#8221;&#8221; content_alignment_medium=&#8221;&#8221; content_alignment_small=&#8221;&#8221; content_alignment=&#8221;&#8221; hide_on_mobile=&#8221;small-visibility,medium-visibility,large-visibility&#8221; sticky_display=&#8221;normal,sticky&#8221; class=&#8221;&#8221; id=&#8221;&#8221; margin_top=&#8221;&#8221; margin_right=&#8221;&#8221; margin_bottom=&#8221;&#8221; margin_left=&#8221;&#8221; font_size=&#8221;&#8221; fusion_font_family_text_font=&#8221;&#8221; fusion_font_variant_text_font=&#8221;&#8221; line_height=&#8221;&#8221; letter_spacing=&#8221;&#8221; text_color=&#8221;&#8221; animation_type=&#8221;&#8221; animation_direction=&#8221;left&#8221; animation_speed=&#8221;0.3&#8243; animation_offset=&#8221;&#8221;]<\/p>\n<h3 dir=\"ltr\">Na\u0161 pristup<\/h3>\n<p>Pristupamo svakom klijentu cjelovito i individualno, poma\u017eemo u postavljanju zna\u010dajnih sustava kontrole i tro\u0161kovnog ra\u010dunovodstva, kao i pri izradi poslovnih planova i prora\u010duna. Na\u0161 suvremen i kompaktibilan softver u\u010dinkovito obra\u0111uje i prenosi podatke te pru\u017ea pravovaljanu vanjsku procjenu.<\/p>\n<p>Na\u0161a podr\u0161ka klijentima stalna je i kontinuirana! Obratite nam se s povjerenjem!<\/p>\n<p>[\/fusion_text][\/fusion_builder_column][\/fusion_builder_row][\/fusion_builder_container][fusion_global id=&#8221;1295&#8243;]<\/p>\n","protected":false},"excerpt":{"rendered":"<p>[fusion_builder_container hundred_percent=&#8221;no&#8221; hundred_percent_height=&#8221;no&#8221; hundred_percent_height_scroll=&#8221;no&#8221; hundred_percent_height_center_content=&#8221;yes&#8221; equal_height_columns=&#8221;no&#8221; menu_anchor=&#8221;&#8221; hide_on_mobile=&#8221;small-visibility,medium-visibility,large-visibility&#8221; class=&#8221;&#8221; id=&#8221;&#8221; background_color=&#8221;&#8221; background_image=&#8221;&#8221; background_position=&#8221;center center&#8221; background_repeat=&#8221;no-repeat&#8221; fade=&#8221;no&#8221; background_parallax=&#8221;none&#8221; enable_mobile=&#8221;no&#8221; parallax_speed=&#8221;0.3&#8243; video_mp4=&#8221;&#8221; video_webm=&#8221;&#8221; video_ogv=&#8221;&#8221; video_url=&#8221;&#8221; video_aspect_ratio=&#8221;16:9&#8243; video_loop=&#8221;yes&#8221; video_mute=&#8221;yes&#8221; video_preview_image=&#8221;&#8221; border_color=&#8221;&#8221; border_style=&#8221;solid&#8221; margin_top=&#8221;&#8221; [&hellip;]<\/p>\n","protected":false},"author":1,"featured_media":0,"parent":0,"menu_order":0,"comment_status":"closed","ping_status":"closed","template":"100-width.php","meta":{"footnotes":""},"yoast_head":"<!-- This site is optimized with the Yoast SEO plugin v16.4 - https:\/\/yoast.com\/wordpress\/plugins\/seo\/ -->\n<title>Financijsko savjetovanje - Confida<\/title>\n<meta name=\"robots\" content=\"index, follow, max-snippet:-1, max-image-preview:large, max-video-preview:-1\" \/>\n<link rel=\"canonical\" href=\"https:\/\/confida.simulus.hr\/hr\/financijsko-savjetovanje\/\" \/>\n<meta property=\"og:locale\" content=\"en_US\" \/>\n<meta property=\"og:type\" content=\"article\" \/>\n<meta property=\"og:title\" content=\"Financijsko savjetovanje - Confida\" \/>\n<meta property=\"og:description\" content=\"[fusion_builder_container hundred_percent=&#8221;no&#8221; hundred_percent_height=&#8221;no&#8221; hundred_percent_height_scroll=&#8221;no&#8221; hundred_percent_height_center_content=&#8221;yes&#8221; equal_height_columns=&#8221;no&#8221; menu_anchor=&#8221;&#8221; hide_on_mobile=&#8221;small-visibility,medium-visibility,large-visibility&#8221; class=&#8221;&#8221; id=&#8221;&#8221; background_color=&#8221;&#8221; background_image=&#8221;&#8221; background_position=&#8221;center center&#8221; background_repeat=&#8221;no-repeat&#8221; fade=&#8221;no&#8221; background_parallax=&#8221;none&#8221; enable_mobile=&#8221;no&#8221; parallax_speed=&#8221;0.3&#8243; video_mp4=&#8221;&#8221; video_webm=&#8221;&#8221; video_ogv=&#8221;&#8221; video_url=&#8221;&#8221; video_aspect_ratio=&#8221;16:9&#8243; video_loop=&#8221;yes&#8221; video_mute=&#8221;yes&#8221; video_preview_image=&#8221;&#8221; border_color=&#8221;&#8221; border_style=&#8221;solid&#8221; margin_top=&#8221;&#8221; [&hellip;]\" \/>\n<meta property=\"og:url\" content=\"https:\/\/confida.simulus.hr\/hr\/financijsko-savjetovanje\/\" \/>\n<meta property=\"og:site_name\" content=\"Confida\" \/>\n<meta property=\"article:modified_time\" content=\"2022-08-12T08:50:26+00:00\" \/>\n<meta name=\"twitter:card\" content=\"summary_large_image\" \/>\n<meta name=\"twitter:label1\" content=\"Est. reading time\" \/>\n\t<meta name=\"twitter:data1\" content=\"4 minutes\" \/>\n<script type=\"application\/ld+json\" class=\"yoast-schema-graph\">{\"@context\":\"https:\/\/schema.org\",\"@graph\":[{\"@type\":\"WebSite\",\"@id\":\"https:\/\/confida.simulus.hr\/hr\/#website\",\"url\":\"https:\/\/confida.simulus.hr\/hr\/\",\"name\":\"Confida\",\"description\":\"Tax Audit Consulting\",\"potentialAction\":[{\"@type\":\"SearchAction\",\"target\":\"https:\/\/confida.simulus.hr\/hr\/?s={search_term_string}\",\"query-input\":\"required name=search_term_string\"}],\"inLanguage\":\"en\"},{\"@type\":\"WebPage\",\"@id\":\"https:\/\/confida.simulus.hr\/hr\/financijsko-savjetovanje\/#webpage\",\"url\":\"https:\/\/confida.simulus.hr\/hr\/financijsko-savjetovanje\/\",\"name\":\"Financijsko savjetovanje - Confida\",\"isPartOf\":{\"@id\":\"https:\/\/confida.simulus.hr\/hr\/#website\"},\"datePublished\":\"2018-03-22T05:09:16+00:00\",\"dateModified\":\"2022-08-12T08:50:26+00:00\",\"breadcrumb\":{\"@id\":\"https:\/\/confida.simulus.hr\/hr\/financijsko-savjetovanje\/#breadcrumb\"},\"inLanguage\":\"en\",\"potentialAction\":[{\"@type\":\"ReadAction\",\"target\":[\"https:\/\/confida.simulus.hr\/hr\/financijsko-savjetovanje\/\"]}]},{\"@type\":\"BreadcrumbList\",\"@id\":\"https:\/\/confida.simulus.hr\/hr\/financijsko-savjetovanje\/#breadcrumb\",\"itemListElement\":[{\"@type\":\"ListItem\",\"position\":1,\"item\":{\"@type\":\"WebPage\",\"@id\":\"https:\/\/confida.simulus.hr\/hr\/\",\"url\":\"https:\/\/confida.simulus.hr\/hr\/\",\"name\":\"Home\"}},{\"@type\":\"ListItem\",\"position\":2,\"item\":{\"@id\":\"https:\/\/confida.simulus.hr\/hr\/financijsko-savjetovanje\/#webpage\"}}]}]}<\/script>\n<!-- \/ Yoast SEO plugin. -->","_links":{"self":[{"href":"https:\/\/confida.simulus.hr\/hr\/wp-json\/wp\/v2\/pages\/1255"}],"collection":[{"href":"https:\/\/confida.simulus.hr\/hr\/wp-json\/wp\/v2\/pages"}],"about":[{"href":"https:\/\/confida.simulus.hr\/hr\/wp-json\/wp\/v2\/types\/page"}],"author":[{"embeddable":true,"href":"https:\/\/confida.simulus.hr\/hr\/wp-json\/wp\/v2\/users\/1"}],"replies":[{"embeddable":true,"href":"https:\/\/confida.simulus.hr\/hr\/wp-json\/wp\/v2\/comments?post=1255"}],"version-history":[{"count":13,"href":"https:\/\/confida.simulus.hr\/hr\/wp-json\/wp\/v2\/pages\/1255\/revisions"}],"predecessor-version":[{"id":2933,"href":"https:\/\/confida.simulus.hr\/hr\/wp-json\/wp\/v2\/pages\/1255\/revisions\/2933"}],"wp:attachment":[{"href":"https:\/\/confida.simulus.hr\/hr\/wp-json\/wp\/v2\/media?parent=1255"}],"curies":[{"name":"wp","href":"https:\/\/api.w.org\/{rel}","templated":true}]}}