{"id":1294,"date":"2018-03-23T19:21:06","date_gmt":"2018-03-23T19:21:06","guid":{"rendered":"https:\/\/eastgate.co\/projects\/confida\/?page_id=1294"},"modified":"2022-08-12T08:52:49","modified_gmt":"2022-08-12T08:52:49","slug":"obracun-placa","status":"publish","type":"page","link":"https:\/\/confida.simulus.hr\/hr\/obracun-placa\/","title":{"rendered":"Obra\u010dun pla\u0107a"},"content":{"rendered":"<p>[fusion_builder_container hundred_percent=&#8221;no&#8221; hundred_percent_height=&#8221;no&#8221; hundred_percent_height_scroll=&#8221;no&#8221; hundred_percent_height_center_content=&#8221;yes&#8221; equal_height_columns=&#8221;yes&#8221; menu_anchor=&#8221;&#8221; hide_on_mobile=&#8221;small-visibility,medium-visibility,large-visibility&#8221; class=&#8221;&#8221; id=&#8221;&#8221; background_color=&#8221;&#8221; background_image=&#8221;&#8221; background_position=&#8221;center center&#8221; background_repeat=&#8221;no-repeat&#8221; fade=&#8221;no&#8221; background_parallax=&#8221;none&#8221; enable_mobile=&#8221;no&#8221; parallax_speed=&#8221;0.3&#8243; video_mp4=&#8221;&#8221; video_webm=&#8221;&#8221; video_ogv=&#8221;&#8221; video_url=&#8221;&#8221; video_aspect_ratio=&#8221;16:9&#8243; video_loop=&#8221;yes&#8221; video_mute=&#8221;yes&#8221; video_preview_image=&#8221;&#8221; border_color=&#8221;&#8221; border_style=&#8221;solid&#8221; margin_top=&#8221;&#8221; margin_bottom=&#8221;&#8221; padding_top=&#8221;&#8221; padding_right=&#8221;&#8221; padding_bottom=&#8221;&#8221; padding_left=&#8221;&#8221; type=&#8221;legacy&#8221; flex_align_items=&#8221;stretch&#8221;][fusion_builder_row][fusion_builder_column type=&#8221;1_1&#8243; layout=&#8221;1_1&#8243; spacing=&#8221;&#8221; center_content=&#8221;no&#8221; link=&#8221;&#8221; target=&#8221;_self&#8221; min_height=&#8221;none&#8221; hide_on_mobile=&#8221;small-visibility,medium-visibility,large-visibility&#8221; class=&#8221;&#8221; id=&#8221;&#8221; background_color=&#8221;#ffffff&#8221; background_image=&#8221;&#8221; background_position=&#8221;left top&#8221; undefined=&#8221;&#8221; background_repeat=&#8221;no-repeat&#8221; hover_type=&#8221;none&#8221; border_color=&#8221;#ededed&#8221; border_style=&#8221;solid&#8221; border_position=&#8221;all&#8221; padding_top=&#8221;10&#8243; padding_right=&#8221;20&#8243; padding_bottom=&#8221;20&#8243; padding_left=&#8221;20&#8243; margin_top=&#8221;&#8221; margin_bottom=&#8221;&#8221; animation_type=&#8221;&#8221; animation_direction=&#8221;left&#8221; animation_speed=&#8221;0.3&#8243; animation_offset=&#8221;&#8221; last=&#8221;true&#8221; align_self=&#8221;flex-start&#8221; border_sizes_top=&#8221;1&#8243; border_sizes_bottom=&#8221;1&#8243; border_sizes_left=&#8221;1&#8243; border_sizes_right=&#8221;1&#8243; first=&#8221;true&#8221;][fusion_text columns=&#8221;&#8221; column_min_width=&#8221;&#8221; column_spacing=&#8221;&#8221; rule_style=&#8221;default&#8221; rule_size=&#8221;&#8221; rule_color=&#8221;&#8221; content_alignment_medium=&#8221;&#8221; content_alignment_small=&#8221;&#8221; content_alignment=&#8221;&#8221; hide_on_mobile=&#8221;small-visibility,medium-visibility,large-visibility&#8221; sticky_display=&#8221;normal,sticky&#8221; class=&#8221;&#8221; id=&#8221;&#8221; margin_top=&#8221;&#8221; margin_right=&#8221;&#8221; margin_bottom=&#8221;&#8221; margin_left=&#8221;&#8221; font_size=&#8221;&#8221; fusion_font_family_text_font=&#8221;&#8221; fusion_font_variant_text_font=&#8221;&#8221; line_height=&#8221;&#8221; letter_spacing=&#8221;&#8221; text_color=&#8221;&#8221; animation_type=&#8221;&#8221; animation_direction=&#8221;left&#8221; animation_speed=&#8221;0.3&#8243; animation_offset=&#8221;&#8221;]<\/p>\n<h3 dir=\"ltr\">Obra\u010dun pla\u0107a<\/h3>\n<p>Preno\u0161enje usluge obra\u010duna pla\u0107a na vanjske izvore poma\u017ee tvrtkama obuzdati tro\u0161kove ljudskih resursa, pobolj\u0161ati organizacijsku u\u010dinkovitost te pravovremeno upravljati svim rizicima uz garanciju stroge povjerljivosti informacija. Bez obzira jeste li mala ili srednja tvrtka, multinacionalna kompanija ili potpuno novi start-up na\u0161 cilj je pomo\u0107i vam da upravljate svojim poslovanjem u\u010dinkovito i djelotvorno, uz jamstvo stroge povjerljivosti u svakom trenutku.<\/p>\n<h4>Dinami\u010dno tr\u017ei\u0161te rada zahtijeva fleksibilne resurse i optimalne poslovne procese<\/h4>\n<p>Mo\u017eemo vam ponuditi sveobuhvatno rje\u0161enje koje vam daje sve prednosti odjela za obra\u010dun pla\u0107a bez dodatnih tro\u0161kova i odgovornosti, kao i individualne konzultacije o svim pitanjima koja se odnose na <strong>porez na dohodak, socijalno i mirovinsko osiguranje te radno pravo.<\/strong><\/p>\n<p>Na\u0161e sveobuhvatne usluge obra\u010duna pla\u0107a u potpunosti preuzimaju va\u0161e obaveze oko procesa pla\u0107anja i omogu\u0107uju vam da se usredoto\u010dite na va\u0161u osnovnu djelatnost. Usluge pokrivaju po\u010detnu registraciju va\u0161eg poslovanja, uskla\u0111enost s propisima i registraciju zaposlenika, pla\u0107anja prema zaposlenicima i poreznim vlastima, kao i pru\u017eanje prilago\u0111enih usluga izvje\u0161\u0107a i platne liste zaposlenika.<\/p>\n<p>[\/fusion_text][\/fusion_builder_column][fusion_builder_column type=&#8221;1_2&#8243; layout=&#8221;1_2&#8243; spacing=&#8221;&#8221; center_content=&#8221;no&#8221; link=&#8221;&#8221; target=&#8221;_self&#8221; min_height=&#8221;&#8221; hide_on_mobile=&#8221;small-visibility,medium-visibility,large-visibility&#8221; class=&#8221;&#8221; id=&#8221;&#8221; background_color=&#8221;#ffffff&#8221; background_image=&#8221;&#8221; background_position=&#8221;left top&#8221; undefined=&#8221;&#8221; background_repeat=&#8221;no-repeat&#8221; hover_type=&#8221;none&#8221; border_color=&#8221;#ededed&#8221; border_style=&#8221;solid&#8221; border_position=&#8221;all&#8221; padding_top=&#8221;10&#8243; padding_right=&#8221;20&#8243; padding_bottom=&#8221;40&#8243; padding_left=&#8221;20&#8243; margin_top=&#8221;&#8221; margin_bottom=&#8221;&#8221; animation_type=&#8221;&#8221; animation_direction=&#8221;left&#8221; animation_speed=&#8221;0.3&#8243; animation_offset=&#8221;&#8221; last=&#8221;false&#8221; border_sizes_top=&#8221;1&#8243; border_sizes_bottom=&#8221;1&#8243; border_sizes_left=&#8221;1&#8243; border_sizes_right=&#8221;1&#8243; first=&#8221;true&#8221; spacing_right=&#8221;&#8221;][fusion_text columns=&#8221;&#8221; column_min_width=&#8221;&#8221; column_spacing=&#8221;&#8221; rule_style=&#8221;default&#8221; rule_size=&#8221;&#8221; rule_color=&#8221;&#8221; content_alignment_medium=&#8221;&#8221; content_alignment_small=&#8221;&#8221; content_alignment=&#8221;&#8221; hide_on_mobile=&#8221;small-visibility,medium-visibility,large-visibility&#8221; sticky_display=&#8221;normal,sticky&#8221; class=&#8221;&#8221; id=&#8221;&#8221; margin_top=&#8221;&#8221; margin_right=&#8221;&#8221; margin_bottom=&#8221;&#8221; margin_left=&#8221;&#8221; font_size=&#8221;&#8221; fusion_font_family_text_font=&#8221;&#8221; fusion_font_variant_text_font=&#8221;&#8221; line_height=&#8221;&#8221; letter_spacing=&#8221;&#8221; text_color=&#8221;&#8221; animation_type=&#8221;&#8221; animation_direction=&#8221;left&#8221; animation_speed=&#8221;0.3&#8243; animation_offset=&#8221;&#8221;]<\/p>\n<h3>Postupak obra\u010duna pla\u0107a uklju\u010duje:<\/h3>\n<p>[\/fusion_text][fusion_checklist icon=&#8221;fa-arrow-circle-right fas&#8221; iconcolor=&#8221;#0f5388&#8243; circle=&#8221;&#8221; circlecolor=&#8221;&#8221; size=&#8221;15px&#8221; divider=&#8221;&#8221; divider_color=&#8221;&#8221; hide_on_mobile=&#8221;small-visibility,medium-visibility,large-visibility&#8221; class=&#8221;&#8221; id=&#8221;&#8221;][fusion_li_item icon=&#8221;&#8221;]<\/p>\n<p>Mjese\u010dna obrada platnog lista<\/p>\n<p>[\/fusion_li_item][fusion_li_item icon=&#8221;&#8221;]<\/p>\n<p>Godi\u0161nja porezna prijava<\/p>\n<p>[\/fusion_li_item][fusion_li_item icon=&#8221;&#8221;]<\/p>\n<p>Registracija i provjera zaposlenika relevantnih slu\u017ebi<\/p>\n<p>[\/fusion_li_item][fusion_li_item icon=&#8221;&#8221;]<\/p>\n<p>Priprema i podno\u0161enje potrebnih obrazaca nadle\u017enim institucijama<\/p>\n<p>[\/fusion_li_item][fusion_li_item icon=&#8221;&#8221;]<\/p>\n<p>Izra\u010dun zarada i pla\u0107a zaposlenika u skladu sa zakonskim propisima<\/p>\n<p>[\/fusion_li_item][fusion_li_item icon=&#8221;&#8221;]<\/p>\n<p>Redovito a\u017euriranje svih zakonskih promjena u odnosu na pla\u0107e<\/p>\n<p>[\/fusion_li_item][fusion_li_item icon=&#8221;&#8221;]<\/p>\n<p>Obrada doprinosa za mirovinsko i zdravstveno osiguranje<\/p>\n<p>[\/fusion_li_item][fusion_li_item icon=&#8221;&#8221;]<\/p>\n<p>Automatski\u00a0proces<\/p>\n<p>[\/fusion_li_item][fusion_li_item icon=&#8221;&#8221;]<\/p>\n<p>Elektroni\u010dka izvje\u0161\u0107a<\/p>\n<p>[\/fusion_li_item][fusion_li_item icon=&#8221;&#8221;]<\/p>\n<p>Potpuna tajnost u rukovo\u0111enju Va\u0161ih podataka<\/p>\n<p>[\/fusion_li_item][\/fusion_checklist][\/fusion_builder_column][fusion_builder_column type=&#8221;1_2&#8243; layout=&#8221;1_2&#8243; spacing=&#8221;&#8221; center_content=&#8221;no&#8221; link=&#8221;&#8221; target=&#8221;_self&#8221; min_height=&#8221;&#8221; hide_on_mobile=&#8221;small-visibility,medium-visibility,large-visibility&#8221; class=&#8221;&#8221; id=&#8221;&#8221; background_color=&#8221;#ffffff&#8221; background_image=&#8221;&#8221; background_position=&#8221;left top&#8221; undefined=&#8221;&#8221; background_repeat=&#8221;no-repeat&#8221; hover_type=&#8221;none&#8221; border_color=&#8221;&#8221; border_style=&#8221;solid&#8221; border_position=&#8221;all&#8221; padding_top=&#8221;10&#8243; padding_right=&#8221;20&#8243; padding_bottom=&#8221;40&#8243; padding_left=&#8221;20&#8243; margin_top=&#8221;&#8221; margin_bottom=&#8221;&#8221; animation_type=&#8221;&#8221; animation_direction=&#8221;left&#8221; animation_speed=&#8221;0.3&#8243; animation_offset=&#8221;&#8221; last=&#8221;true&#8221; border_sizes_top=&#8221;0&#8243; border_sizes_bottom=&#8221;0&#8243; border_sizes_left=&#8221;0&#8243; border_sizes_right=&#8221;0&#8243; first=&#8221;false&#8221;][fusion_text columns=&#8221;&#8221; column_min_width=&#8221;&#8221; column_spacing=&#8221;&#8221; rule_style=&#8221;default&#8221; rule_size=&#8221;&#8221; rule_color=&#8221;&#8221; content_alignment_medium=&#8221;&#8221; content_alignment_small=&#8221;&#8221; content_alignment=&#8221;&#8221; hide_on_mobile=&#8221;small-visibility,medium-visibility,large-visibility&#8221; sticky_display=&#8221;normal,sticky&#8221; class=&#8221;&#8221; id=&#8221;&#8221; margin_top=&#8221;&#8221; margin_right=&#8221;&#8221; margin_bottom=&#8221;&#8221; margin_left=&#8221;&#8221; font_size=&#8221;&#8221; fusion_font_family_text_font=&#8221;&#8221; fusion_font_variant_text_font=&#8221;&#8221; line_height=&#8221;&#8221; letter_spacing=&#8221;&#8221; text_color=&#8221;&#8221; animation_type=&#8221;&#8221; animation_direction=&#8221;left&#8221; animation_speed=&#8221;0.3&#8243; animation_offset=&#8221;&#8221;]<\/p>\n<h3 style=\"text-align: left;\">Prednosti outsourcinga pla\u0107a:<\/h3>\n<p>[\/fusion_text][fusion_checklist icon=&#8221;fa-arrow-circle-right fas&#8221; iconcolor=&#8221;#0f5388&#8243; circle=&#8221;&#8221; circlecolor=&#8221;&#8221; size=&#8221;15px&#8221; divider=&#8221;&#8221; divider_color=&#8221;&#8221; hide_on_mobile=&#8221;small-visibility,medium-visibility,large-visibility&#8221; class=&#8221;&#8221; id=&#8221;&#8221;][fusion_li_item icon=&#8221;&#8221;]<\/p>\n<p>Smanjenje interne administracije<\/p>\n<p>[\/fusion_li_item][fusion_li_item icon=&#8221;&#8221;]<\/p>\n<p>Osnovne u\u0161tede tro\u0161kova<\/p>\n<p>[\/fusion_li_item][fusion_li_item icon=&#8221;&#8221;]<\/p>\n<p>Kontrola nad nov\u010danim tijekom tvrtke<\/p>\n<p>[\/fusion_li_item][fusion_li_item icon=&#8221;&#8221;]<\/p>\n<p>Pristup vrijednim resursima i visokokvalificiranim kadru<\/p>\n<p>[\/fusion_li_item][fusion_li_item icon=&#8221;&#8221;]<\/p>\n<p>Visoka razina dosljednosti za va\u0161e poslovanje i upravljanje rizicima<\/p>\n<p>[\/fusion_li_item][fusion_li_item icon=&#8221;&#8221;]<\/p>\n<p>Visoka za\u0161tita osobnih podataka<\/p>\n<p>[\/fusion_li_item][fusion_li_item icon=&#8221;&#8221;]<\/p>\n<p>Preciznost<\/p>\n<p>[\/fusion_li_item][fusion_li_item icon=&#8221;&#8221;]<\/p>\n<p>Uskla\u0111enost s rokovima<\/p>\n<p>[\/fusion_li_item][fusion_li_item icon=&#8221;&#8221;]<\/p>\n<p>Savjetovanje u vezi radnih odnosa<\/p>\n<p>[\/fusion_li_item][fusion_li_item icon=&#8221;&#8221;]<\/p>\n<p>Br\u017ea prilagodba novim propisima, zakonima i tehnologijama<\/p>\n<p>[\/fusion_li_item][\/fusion_checklist][\/fusion_builder_column][\/fusion_builder_row][\/fusion_builder_container][fusion_builder_container hundred_percent=&#8221;no&#8221; hundred_percent_height=&#8221;no&#8221; hundred_percent_height_scroll=&#8221;no&#8221; hundred_percent_height_center_content=&#8221;yes&#8221; equal_height_columns=&#8221;yes&#8221; menu_anchor=&#8221;&#8221; hide_on_mobile=&#8221;small-visibility,medium-visibility,large-visibility&#8221; class=&#8221;&#8221; id=&#8221;&#8221; background_color=&#8221;&#8221; background_image=&#8221;&#8221; background_position=&#8221;center center&#8221; background_repeat=&#8221;no-repeat&#8221; fade=&#8221;no&#8221; background_parallax=&#8221;none&#8221; enable_mobile=&#8221;no&#8221; parallax_speed=&#8221;0.3&#8243; video_mp4=&#8221;&#8221; video_webm=&#8221;&#8221; video_ogv=&#8221;&#8221; video_url=&#8221;&#8221; video_aspect_ratio=&#8221;16:9&#8243; video_loop=&#8221;yes&#8221; video_mute=&#8221;yes&#8221; video_preview_image=&#8221;&#8221; border_color=&#8221;&#8221; border_style=&#8221;solid&#8221; margin_top=&#8221;&#8221; margin_bottom=&#8221;&#8221; padding_top=&#8221;&#8221; padding_right=&#8221;&#8221; padding_bottom=&#8221;&#8221; padding_left=&#8221;&#8221; type=&#8221;legacy&#8221; flex_align_items=&#8221;stretch&#8221;][fusion_builder_row][fusion_builder_column type=&#8221;1_1&#8243; layout=&#8221;1_1&#8243; spacing=&#8221;&#8221; center_content=&#8221;no&#8221; link=&#8221;&#8221; target=&#8221;_self&#8221; min_height=&#8221;none&#8221; hide_on_mobile=&#8221;small-visibility,medium-visibility,large-visibility&#8221; class=&#8221;&#8221; id=&#8221;&#8221; background_color=&#8221;#ffffff&#8221; background_image=&#8221;&#8221; background_position=&#8221;left top&#8221; undefined=&#8221;&#8221; background_repeat=&#8221;no-repeat&#8221; hover_type=&#8221;none&#8221; border_color=&#8221;#ededed&#8221; border_style=&#8221;solid&#8221; border_position=&#8221;all&#8221; padding_top=&#8221;10&#8243; padding_right=&#8221;20&#8243; padding_bottom=&#8221;20&#8243; padding_left=&#8221;20&#8243; margin_top=&#8221;&#8221; margin_bottom=&#8221;&#8221; animation_type=&#8221;&#8221; animation_direction=&#8221;left&#8221; animation_speed=&#8221;0.3&#8243; animation_offset=&#8221;&#8221; last=&#8221;true&#8221; align_self=&#8221;flex-start&#8221; border_sizes_top=&#8221;1&#8243; border_sizes_bottom=&#8221;1&#8243; border_sizes_left=&#8221;1&#8243; border_sizes_right=&#8221;1&#8243; first=&#8221;true&#8221;][fusion_text columns=&#8221;&#8221; column_min_width=&#8221;&#8221; column_spacing=&#8221;&#8221; rule_style=&#8221;default&#8221; rule_size=&#8221;&#8221; rule_color=&#8221;&#8221; content_alignment_medium=&#8221;&#8221; content_alignment_small=&#8221;&#8221; content_alignment=&#8221;&#8221; hide_on_mobile=&#8221;small-visibility,medium-visibility,large-visibility&#8221; sticky_display=&#8221;normal,sticky&#8221; class=&#8221;&#8221; id=&#8221;&#8221; margin_top=&#8221;&#8221; margin_right=&#8221;&#8221; margin_bottom=&#8221;&#8221; margin_left=&#8221;&#8221; font_size=&#8221;&#8221; fusion_font_family_text_font=&#8221;&#8221; fusion_font_variant_text_font=&#8221;&#8221; line_height=&#8221;&#8221; letter_spacing=&#8221;&#8221; text_color=&#8221;&#8221; animation_type=&#8221;&#8221; animation_direction=&#8221;left&#8221; animation_speed=&#8221;0.3&#8243; animation_offset=&#8221;&#8221;]<\/p>\n<h3 dir=\"ltr\">Zapo\u0161ljavanje stranaca<\/h3>\n<p>Prilikom zapo\u0161ljavanja osoba koje nisu dr\u017eavljani Republike Hrvatske, nudimo vam pomo\u0107 u sastavljanju i pojednostavljivanju zakonodavnih i poreznih obveza, a to uklju\u010duje sljede\u0107e usluge:<\/p>\n<p>[\/fusion_text][fusion_checklist icon=&#8221;fa-arrow-circle-right fas&#8221; iconcolor=&#8221;#1b3474&#8243; circle=&#8221;&#8221; circlecolor=&#8221;&#8221; size=&#8221;&#8221; divider=&#8221;&#8221; divider_color=&#8221;&#8221; hide_on_mobile=&#8221;small-visibility,medium-visibility,large-visibility&#8221; class=&#8221;&#8221; id=&#8221;&#8221;][fusion_li_item icon=&#8221;&#8221;]<\/p>\n<p>Obra\u010dun pla\u0107a i doprinosa za zaposlene kod poslodavaca koji nisu prijavljeni kod nadle\u017enih institucija u Hrvatskoj<\/p>\n<p>[\/fusion_li_item][fusion_li_item icon=&#8221;&#8221;]<\/p>\n<p>Pomo\u0107 u stvaranju neophodnih ugovora o socijalnom osiguranju i registraciji kod nadle\u017enih organa za tvrtke koje imaju sjedi\u0161te izvan Hrvatske<\/p>\n<p>[\/fusion_li_item][fusion_li_item icon=&#8221;&#8221;]<\/p>\n<p>Priprema pla\u0107a za strane dr\u017eavljane i obra\u010dun izuze\u0107a za doprinosa za socijalno osiguranje u Hrvatskoj<\/p>\n<p>[\/fusion_li_item][fusion_li_item icon=&#8221;&#8221;]<\/p>\n<p>Pomo\u0107 u izradi unutra\u0161njeg sustava naknade tro\u0161kova i podno\u0161enje istih poreznim organima<\/p>\n<p>[\/fusion_li_item][fusion_li_item icon=&#8221;&#8221;]<\/p>\n<p>Pristup interdisciplinarnoj mre\u017ei Confida, kako na lokalnoj tako i na me\u0111unarodnoj razini<\/p>\n<p>[\/fusion_li_item][\/fusion_checklist][\/fusion_builder_column][\/fusion_builder_row][\/fusion_builder_container][fusion_global id=&#8221;1295&#8243;]<\/p>\n","protected":false},"excerpt":{"rendered":"<p>[fusion_builder_container hundred_percent=&#8221;no&#8221; hundred_percent_height=&#8221;no&#8221; hundred_percent_height_scroll=&#8221;no&#8221; hundred_percent_height_center_content=&#8221;yes&#8221; equal_height_columns=&#8221;yes&#8221; menu_anchor=&#8221;&#8221; hide_on_mobile=&#8221;small-visibility,medium-visibility,large-visibility&#8221; class=&#8221;&#8221; id=&#8221;&#8221; background_color=&#8221;&#8221; background_image=&#8221;&#8221; background_position=&#8221;center center&#8221; background_repeat=&#8221;no-repeat&#8221; fade=&#8221;no&#8221; background_parallax=&#8221;none&#8221; enable_mobile=&#8221;no&#8221; parallax_speed=&#8221;0.3&#8243; video_mp4=&#8221;&#8221; video_webm=&#8221;&#8221; video_ogv=&#8221;&#8221; video_url=&#8221;&#8221; video_aspect_ratio=&#8221;16:9&#8243; video_loop=&#8221;yes&#8221; video_mute=&#8221;yes&#8221; video_preview_image=&#8221;&#8221; border_color=&#8221;&#8221; border_style=&#8221;solid&#8221; margin_top=&#8221;&#8221; [&hellip;]<\/p>\n","protected":false},"author":1,"featured_media":0,"parent":0,"menu_order":0,"comment_status":"closed","ping_status":"closed","template":"100-width.php","meta":{"footnotes":""},"yoast_head":"<!-- This site is optimized with the Yoast SEO plugin v16.4 - https:\/\/yoast.com\/wordpress\/plugins\/seo\/ -->\n<title>Obra\u010dun pla\u0107a - Confida<\/title>\n<meta name=\"description\" content=\"Mo\u017eemo vam ponuditi sveobuhvatno rje\u0161enje koje vam daje sve prednosti odjela za obra\u010dun pla\u0107a bez dodatnih tro\u0161kova i odgovornosti.\" \/>\n<meta name=\"robots\" content=\"index, follow, max-snippet:-1, max-image-preview:large, max-video-preview:-1\" \/>\n<link rel=\"canonical\" href=\"https:\/\/confida.simulus.hr\/hr\/obracun-placa\/\" \/>\n<meta property=\"og:locale\" content=\"en_US\" \/>\n<meta property=\"og:type\" content=\"article\" \/>\n<meta property=\"og:title\" content=\"Obra\u010dun pla\u0107a - Confida\" \/>\n<meta property=\"og:description\" content=\"Mo\u017eemo vam ponuditi sveobuhvatno rje\u0161enje koje vam daje sve prednosti odjela za obra\u010dun pla\u0107a bez dodatnih tro\u0161kova i odgovornosti.\" \/>\n<meta property=\"og:url\" content=\"https:\/\/confida.simulus.hr\/hr\/obracun-placa\/\" \/>\n<meta property=\"og:site_name\" content=\"Confida\" \/>\n<meta property=\"article:modified_time\" content=\"2022-08-12T08:52:49+00:00\" \/>\n<meta name=\"twitter:card\" content=\"summary_large_image\" \/>\n<meta name=\"twitter:label1\" content=\"Est. reading time\" \/>\n\t<meta name=\"twitter:data1\" content=\"7 minutes\" \/>\n<script type=\"application\/ld+json\" class=\"yoast-schema-graph\">{\"@context\":\"https:\/\/schema.org\",\"@graph\":[{\"@type\":\"WebSite\",\"@id\":\"https:\/\/confida.simulus.hr\/hr\/#website\",\"url\":\"https:\/\/confida.simulus.hr\/hr\/\",\"name\":\"Confida\",\"description\":\"Tax Audit Consulting\",\"potentialAction\":[{\"@type\":\"SearchAction\",\"target\":\"https:\/\/confida.simulus.hr\/hr\/?s={search_term_string}\",\"query-input\":\"required name=search_term_string\"}],\"inLanguage\":\"en\"},{\"@type\":\"WebPage\",\"@id\":\"https:\/\/confida.simulus.hr\/hr\/obracun-placa\/#webpage\",\"url\":\"https:\/\/confida.simulus.hr\/hr\/obracun-placa\/\",\"name\":\"Obra\\u010dun pla\\u0107a - Confida\",\"isPartOf\":{\"@id\":\"https:\/\/confida.simulus.hr\/hr\/#website\"},\"datePublished\":\"2018-03-23T19:21:06+00:00\",\"dateModified\":\"2022-08-12T08:52:49+00:00\",\"description\":\"Mo\\u017eemo vam ponuditi sveobuhvatno rje\\u0161enje koje vam daje sve prednosti odjela za obra\\u010dun pla\\u0107a bez dodatnih tro\\u0161kova i odgovornosti.\",\"breadcrumb\":{\"@id\":\"https:\/\/confida.simulus.hr\/hr\/obracun-placa\/#breadcrumb\"},\"inLanguage\":\"en\",\"potentialAction\":[{\"@type\":\"ReadAction\",\"target\":[\"https:\/\/confida.simulus.hr\/hr\/obracun-placa\/\"]}]},{\"@type\":\"BreadcrumbList\",\"@id\":\"https:\/\/confida.simulus.hr\/hr\/obracun-placa\/#breadcrumb\",\"itemListElement\":[{\"@type\":\"ListItem\",\"position\":1,\"item\":{\"@type\":\"WebPage\",\"@id\":\"https:\/\/confida.simulus.hr\/hr\/\",\"url\":\"https:\/\/confida.simulus.hr\/hr\/\",\"name\":\"Home\"}},{\"@type\":\"ListItem\",\"position\":2,\"item\":{\"@id\":\"https:\/\/confida.simulus.hr\/hr\/obracun-placa\/#webpage\"}}]}]}<\/script>\n<!-- \/ Yoast SEO plugin. -->","_links":{"self":[{"href":"https:\/\/confida.simulus.hr\/hr\/wp-json\/wp\/v2\/pages\/1294"}],"collection":[{"href":"https:\/\/confida.simulus.hr\/hr\/wp-json\/wp\/v2\/pages"}],"about":[{"href":"https:\/\/confida.simulus.hr\/hr\/wp-json\/wp\/v2\/types\/page"}],"author":[{"embeddable":true,"href":"https:\/\/confida.simulus.hr\/hr\/wp-json\/wp\/v2\/users\/1"}],"replies":[{"embeddable":true,"href":"https:\/\/confida.simulus.hr\/hr\/wp-json\/wp\/v2\/comments?post=1294"}],"version-history":[{"count":46,"href":"https:\/\/confida.simulus.hr\/hr\/wp-json\/wp\/v2\/pages\/1294\/revisions"}],"predecessor-version":[{"id":2934,"href":"https:\/\/confida.simulus.hr\/hr\/wp-json\/wp\/v2\/pages\/1294\/revisions\/2934"}],"wp:attachment":[{"href":"https:\/\/confida.simulus.hr\/hr\/wp-json\/wp\/v2\/media?parent=1294"}],"curies":[{"name":"wp","href":"https:\/\/api.w.org\/{rel}","templated":true}]}}