{"id":744,"date":"2015-07-01T19:50:39","date_gmt":"2015-07-01T19:50:39","guid":{"rendered":"https:\/\/eastgate.co\/projects\/confida\/?page_id=744"},"modified":"2021-05-11T14:55:24","modified_gmt":"2021-05-11T14:55:24","slug":"kontakt","status":"publish","type":"page","link":"https:\/\/confida.simulus.hr\/hr\/kontakt\/","title":{"rendered":"Kontakt"},"content":{"rendered":"<p>[fusion_builder_container background_color=&#8221;#2b313c&#8221; background_image=&#8221;https:\/\/avada.theme-fusion.com\/law\/wp-content\/uploads\/sites\/24\/2015\/02\/banner-home.jpg&#8221; background_parallax=&#8221;up&#8221; enable_mobile=&#8221;no&#8221; parallax_speed=&#8221;0.4&#8243; background_repeat=&#8221;no-repeat&#8221; background_position=&#8221;left top&#8221; video_url=&#8221;&#8221; video_aspect_ratio=&#8221;16:9&#8243; video_webm=&#8221;&#8221; video_mp4=&#8221;&#8221; video_ogv=&#8221;&#8221; video_preview_image=&#8221;&#8221; overlay_color=&#8221;&#8221; video_mute=&#8221;yes&#8221; video_loop=&#8221;yes&#8221; fade=&#8221;no&#8221; border_size=&#8221;0px&#8221; border_color=&#8221;&#8221; border_style=&#8221;solid&#8221; padding_top=&#8221;110px&#8221; padding_bottom=&#8221;85px&#8221; padding_left=&#8221;&#8221; padding_right=&#8221;&#8221; hundred_percent=&#8221;no&#8221; equal_height_columns=&#8221;no&#8221; hide_on_mobile=&#8221;no&#8221; menu_anchor=&#8221;&#8221; class=&#8221;&#8221; id=&#8221;&#8221;][fusion_builder_row][fusion_builder_column type=&#8221;1_3&#8243; layout=&#8221;1_3&#8243; last=&#8221;no&#8221; spacing=&#8221;yes&#8221; center_content=&#8221;no&#8221; hide_on_mobile=&#8221;no&#8221; background_color=&#8221;&#8221; background_image=&#8221;&#8221; background_repeat=&#8221;no-repeat&#8221; background_position=&#8221;left top&#8221; hover_type=&#8221;none&#8221; link=&#8221;&#8221; border_position=&#8221;all&#8221; border_size=&#8221;0px&#8221; border_color=&#8221;&#8221; border_style=&#8221;&#8221; padding_top=&#8221;&#8221; padding_right=&#8221;&#8221; padding_bottom=&#8221;&#8221; padding_left=&#8221;&#8221; margin_top=&#8221;&#8221; margin_bottom=&#8221;&#8221; animation_type=&#8221;&#8221; animation_direction=&#8221;&#8221; animation_speed=&#8221;0.1&#8243; animation_offset=&#8221;&#8221; class=&#8221;&#8221; id=&#8221;&#8221; min_height=&#8221;&#8221;][fusion_text]<\/p>\n<h3><span style=\"color: #ffffff;\" data-darkreader-inline-color=\"\">KONTAKTIRAJTE NAS<\/span><\/h3>\n<p>Svakodnevno smo dostupni i \u017eelimo odgovoriti na bilo koje pitanje koje imate. Vo\u0111enje poreznih knjiga \u010desto mo\u017ee biti komplicirano, ali na\u0161i stru\u010dnjaci su tu da Vam pomognu s bilo kojim problemom s kojim se susre\u0107ete. Ponosni smo na to da mo\u017eemo na\u0161u ekspertizu podijeliti s Vama. Kontaktirajte nas u bilo kom trenutku, a mi \u0107emo se potruditi odgovoriti Vam u \u0161to kra\u0107em vremenu.<\/p>\n<p>[\/fusion_text][fusion_separator style_type=&#8221;none&#8221; top_margin=&#8221;40&#8243; bottom_margin=&#8221;&#8221; sep_color=&#8221;&#8221; border_size=&#8221;&#8221; icon=&#8221;&#8221; icon_circle=&#8221;&#8221; icon_circle_color=&#8221;&#8221; width=&#8221;&#8221; alignment=&#8221;&#8221; class=&#8221;&#8221; id=&#8221;&#8221; \/][fusion_social_links icons_boxed=&#8221;&#8221; icons_boxed_radius=&#8221;4px&#8221; color_type=&#8221;custom&#8221; icon_colors=&#8221;&#8221; box_colors=&#8221;#00528c&#8221; tooltip_placement=&#8221;&#8221; blogger=&#8221;&#8221; deviantart=&#8221;&#8221; digg=&#8221;&#8221; dribbble=&#8221;&#8221; dropbox=&#8221;&#8221; facebook=&#8221;https:\/\/www.facebook.com\/confida.rs\/&#8221; flickr=&#8221;&#8221; forrst=&#8221;&#8221; googleplus=&#8221;&#8221; instagram=&#8221;https:\/\/www.instagram.com\/confida_hrvatska\/&#8221; linkedin=&#8221;https:\/\/www.linkedin.com\/company\/confida-croatia\/&#8221; myspace=&#8221;&#8221; paypal=&#8221;&#8221; pinterest=&#8221;&#8221; reddit=&#8221;&#8221; rss=&#8221;&#8221; skype=&#8221;&#8221; soundcloud=&#8221;&#8221; spotify=&#8221;&#8221; tumblr=&#8221;&#8221; twitter=&#8221;https:\/\/twitter.com\/Confida_Croatia&#8221; vimeo=&#8221;&#8221; vk=&#8221;&#8221; xing=&#8221;&#8221; yahoo=&#8221;&#8221; yelp=&#8221;&#8221; youtube=&#8221;&#8221; email=&#8221;&#8221; show_custom=&#8221;no&#8221; alignment=&#8221;&#8221; hide_on_mobile=&#8221;small-visibility,medium-visibility,large-visibility&#8221; class=&#8221;&#8221; id=&#8221;&#8221; \/][\/fusion_builder_column][fusion_builder_column type=&#8221;2_3&#8243; layout=&#8221;2_3&#8243; last=&#8221;yes&#8221; spacing=&#8221;yes&#8221; center_content=&#8221;no&#8221; hide_on_mobile=&#8221;no&#8221; background_color=&#8221;&#8221; background_image=&#8221;&#8221; background_repeat=&#8221;no-repeat&#8221; background_position=&#8221;left top&#8221; hover_type=&#8221;none&#8221; link=&#8221;&#8221; border_position=&#8221;all&#8221; border_size=&#8221;0px&#8221; border_color=&#8221;&#8221; border_style=&#8221;&#8221; padding_top=&#8221;&#8221; padding_right=&#8221;&#8221; padding_bottom=&#8221;&#8221; padding_left=&#8221;&#8221; margin_top=&#8221;&#8221; margin_bottom=&#8221;&#8221; animation_type=&#8221;&#8221; animation_direction=&#8221;&#8221; animation_speed=&#8221;0.1&#8243; animation_offset=&#8221;&#8221; class=&#8221;&#8221; id=&#8221;&#8221; min_height=&#8221;&#8221;][fusion_code]W2NvbnRhY3QtZm9ybS03IGlkPSI3NzYiIHRpdGxlPSJDb250YWN0IFBhZ2UgRm9ybSJd[\/fusion_code][\/fusion_builder_column][\/fusion_builder_row][\/fusion_builder_container][fusion_builder_container background_color=&#8221;&#8221; background_image=&#8221;&#8221; background_parallax=&#8221;none&#8221; enable_mobile=&#8221;no&#8221; parallax_speed=&#8221;0.3&#8243; background_repeat=&#8221;no-repeat&#8221; background_position=&#8221;left top&#8221; video_url=&#8221;&#8221; video_aspect_ratio=&#8221;16:9&#8243; video_webm=&#8221;&#8221; video_mp4=&#8221;&#8221; video_ogv=&#8221;&#8221; video_preview_image=&#8221;&#8221; overlay_color=&#8221;&#8221; video_mute=&#8221;yes&#8221; video_loop=&#8221;yes&#8221; fade=&#8221;no&#8221; border_size=&#8221;0px&#8221; border_color=&#8221;&#8221; border_style=&#8221;solid&#8221; padding_top=&#8221;110px&#8221; padding_bottom=&#8221;100px&#8221; padding_left=&#8221;&#8221; padding_right=&#8221;&#8221; hundred_percent=&#8221;no&#8221; equal_height_columns=&#8221;no&#8221; hide_on_mobile=&#8221;no&#8221; menu_anchor=&#8221;&#8221; class=&#8221;&#8221; id=&#8221;&#8221;][fusion_builder_row][fusion_builder_column type=&#8221;1_1&#8243; layout=&#8221;1_1&#8243; background_position=&#8221;left top&#8221; background_color=&#8221;&#8221; border_size=&#8221;&#8221; border_color=&#8221;&#8221; border_style=&#8221;solid&#8221; spacing=&#8221;yes&#8221; background_image=&#8221;&#8221; background_repeat=&#8221;no-repeat&#8221; padding_top=&#8221;&#8221; padding_right=&#8221;&#8221; padding_bottom=&#8221;&#8221; padding_left=&#8221;&#8221; margin_top=&#8221;0px&#8221; margin_bottom=&#8221;0px&#8221; class=&#8221;&#8221; id=&#8221;&#8221; animation_type=&#8221;&#8221; animation_speed=&#8221;0.3&#8243; animation_direction=&#8221;left&#8221; hide_on_mobile=&#8221;no&#8221; center_content=&#8221;no&#8221; min_height=&#8221;none&#8221; last=&#8221;no&#8221; hover_type=&#8221;none&#8221; link=&#8221;&#8221; border_position=&#8221;all&#8221;][fusion_separator style_type=&#8221;single solid&#8221; hide_on_mobile=&#8221;small-visibility,medium-visibility,large-visibility&#8221; class=&#8221;&#8221; id=&#8221;&#8221; sep_color=&#8221;#00528c&#8221; top_margin=&#8221;&#8221; bottom_margin=&#8221;&#8221; border_size=&#8221;5px&#8221; icon=&#8221;&#8221; icon_circle=&#8221;&#8221; icon_circle_color=&#8221;&#8221; width=&#8221;&#8221; alignment=&#8221;center&#8221; \/][\/fusion_builder_column][fusion_builder_column type=&#8221;1_1&#8243; layout=&#8221;1_1&#8243; spacing=&#8221;yes&#8221; center_content=&#8221;no&#8221; hover_type=&#8221;none&#8221; link=&#8221;&#8221; min_height=&#8221;&#8221; hide_on_mobile=&#8221;no&#8221; class=&#8221;green-border rounded-border&#8221; id=&#8221;&#8221; background_color=&#8221;#ffffff&#8221; background_image=&#8221;&#8221; background_position=&#8221;left top&#8221; undefined=&#8221;&#8221; background_repeat=&#8221;no-repeat&#8221; border_size=&#8221;1&#8243; border_color=&#8221;#e2e2e2&#8243; border_style=&#8221;solid&#8221; border_position=&#8221;all&#8221; padding_top=&#8221;55px&#8221; padding_right=&#8221;60px&#8221; padding_bottom=&#8221;20px&#8221; padding_left=&#8221;60px&#8221; margin_top=&#8221;&#8221; margin_bottom=&#8221;&#8221; animation_type=&#8221;&#8221; animation_direction=&#8221;left&#8221; animation_speed=&#8221;0.1&#8243; animation_offset=&#8221;&#8221; last=&#8221;no&#8221;][fusion_content_boxes layout=&#8221;icon-on-top&#8221; columns=&#8221;4&#8243; title_size=&#8221;&#8221; title_color=&#8221;&#8221; body_color=&#8221;&#8221; backgroundcolor=&#8221;&#8221; icon=&#8221;&#8221; iconflip=&#8221;&#8221; iconrotate=&#8221;&#8221; iconspin=&#8221;no&#8221; iconcolor=&#8221;#00528c&#8221; icon_circle=&#8221;&#8221; icon_circle_radius=&#8221;&#8221; circlecolor=&#8221;&#8221; circlebordersize=&#8221;&#8221; circlebordercolor=&#8221;&#8221; outercirclebordersize=&#8221;&#8221; outercirclebordercolor=&#8221;&#8221; icon_size=&#8221;44px&#8221; icon_hover_type=&#8221;&#8221; hover_accent_color=&#8221;#00b0fc&#8221; image=&#8221;&#8221; image_width=&#8221;&#8221; image_height=&#8221;&#8221; link_type=&#8221;&#8221; link_area=&#8221;&#8221; link_target=&#8221;&#8221; icon_align=&#8221;left&#8221; animation_type=&#8221;&#8221; animation_delay=&#8221;&#8221; animation_offset=&#8221;&#8221; animation_direction=&#8221;left&#8221; animation_speed=&#8221;0.1&#8243; margin_top=&#8221;&#8221; margin_bottom=&#8221;20px&#8221; hide_on_mobile=&#8221;small-visibility,medium-visibility,large-visibility&#8221; class=&#8221;&#8221; id=&#8221;&#8221;][fusion_content_box title=&#8221;Adresa&#8221; backgroundcolor=&#8221;&#8221; icon=&#8221;fa-home&#8221; iconflip=&#8221;&#8221; iconrotate=&#8221;&#8221; iconspin=&#8221;no&#8221; iconcolor=&#8221;#00528c&#8221; circlecolor=&#8221;#f1574d&#8221; circlebordersize=&#8221;&#8221; circlebordercolor=&#8221;&#8221; outercirclebordersize=&#8221;&#8221; outercirclebordercolor=&#8221;&#8221; image=&#8221;&#8221; image_width=&#8221;35&#8243; image_height=&#8221;35&#8243; link=&#8221;&#8221; linktext=&#8221;&#8221; link_target=&#8221;_self&#8221; animation_type=&#8221;&#8221; animation_direction=&#8221;down&#8221; animation_speed=&#8221;0.1&#8243; animation_offset=&#8221;&#8221;]<\/p>\n<p style=\"text-align: center;\">Polji\u010dka 5\/V,<br \/>\n10 000 Zagreb<\/p>\n<p>[\/fusion_content_box][fusion_content_box title=&#8221;Radno Vrijeme&#8221; backgroundcolor=&#8221;&#8221; icon=&#8221;fa-clock-o&#8221; iconflip=&#8221;&#8221; iconrotate=&#8221;&#8221; iconspin=&#8221;no&#8221; iconcolor=&#8221;#00528c&#8221; circlecolor=&#8221;#a7c9e7&#8243; circlebordersize=&#8221;&#8221; circlebordercolor=&#8221;&#8221; outercirclebordersize=&#8221;&#8221; outercirclebordercolor=&#8221;&#8221; image=&#8221;&#8221; image_width=&#8221;35&#8243; image_height=&#8221;35&#8243; link=&#8221;&#8221; linktext=&#8221;&#8221; link_target=&#8221;_self&#8221; animation_type=&#8221;&#8221; animation_direction=&#8221;down&#8221; animation_speed=&#8221;0.1&#8243; animation_offset=&#8221;&#8221;]<\/p>\n<p style=\"text-align: center;\">Ponedjeljak &#8211; Petak<br \/>\n08.30 &#8211; 17:00<\/p>\n<p>[\/fusion_content_box][fusion_content_box title=&#8221;Telefon &amp; Faks&#8221; backgroundcolor=&#8221;&#8221; icon=&#8221;fa-phone&#8221; iconflip=&#8221;&#8221; iconrotate=&#8221;&#8221; iconspin=&#8221;no&#8221; iconcolor=&#8221;#00528c&#8221; circlecolor=&#8221;#50586b&#8221; circlebordersize=&#8221;&#8221; circlebordercolor=&#8221;&#8221; outercirclebordersize=&#8221;&#8221; outercirclebordercolor=&#8221;&#8221; image=&#8221;&#8221; image_width=&#8221;35&#8243; image_height=&#8221;35&#8243; link=&#8221;&#8221; linktext=&#8221;&#8221; link_target=&#8221;_self&#8221; animation_type=&#8221;&#8221; animation_direction=&#8221;down&#8221; animation_speed=&#8221;0.1&#8243; animation_offset=&#8221;&#8221;]<\/p>\n<p style=\"text-align: center;\">Tel: +385 1 4606 900<br \/>\nFax: +385 1 4606 995<\/p>\n<p>[\/fusion_content_box][fusion_content_box title=&#8221;Email&#8221; backgroundcolor=&#8221;&#8221; icon=&#8221;fa-envelope-o&#8221; iconflip=&#8221;&#8221; iconrotate=&#8221;&#8221; iconspin=&#8221;no&#8221; iconcolor=&#8221;#00528c&#8221; circlecolor=&#8221;#66babd&#8221; circlebordersize=&#8221;&#8221; circlebordercolor=&#8221;&#8221; outercirclebordersize=&#8221;&#8221; outercirclebordercolor=&#8221;&#8221; image=&#8221;&#8221; image_width=&#8221;35&#8243; image_height=&#8221;35&#8243; link=&#8221;&#8221; linktext=&#8221;&#8221; link_target=&#8221;_self&#8221; animation_type=&#8221;&#8221; animation_direction=&#8221;down&#8221; animation_speed=&#8221;0.1&#8243; animation_offset=&#8221;&#8221;]<\/p>\n<p style=\"text-align: center;\"><a href=\"mailto:office@confida.hr\">office@confida.hr<\/a><\/p>\n<p>[\/fusion_content_box][\/fusion_content_boxes][\/fusion_builder_column][\/fusion_builder_row][\/fusion_builder_container]<\/p>\n","protected":false},"excerpt":{"rendered":"<p>[fusion_builder_container background_color=&#8221;#2b313c&#8221; background_image=&#8221;https:\/\/avada.theme-fusion.com\/law\/wp-content\/uploads\/sites\/24\/2015\/02\/banner-home.jpg&#8221; background_parallax=&#8221;up&#8221; enable_mobile=&#8221;no&#8221; parallax_speed=&#8221;0.4&#8243; background_repeat=&#8221;no-repeat&#8221; background_position=&#8221;left top&#8221; video_url=&#8221;&#8221; video_aspect_ratio=&#8221;16:9&#8243; video_webm=&#8221;&#8221; video_mp4=&#8221;&#8221; video_ogv=&#8221;&#8221; video_preview_image=&#8221;&#8221; overlay_color=&#8221;&#8221; video_mute=&#8221;yes&#8221; video_loop=&#8221;yes&#8221; fade=&#8221;no&#8221; border_size=&#8221;0px&#8221; border_color=&#8221;&#8221; border_style=&#8221;solid&#8221; padding_top=&#8221;110px&#8221; padding_bottom=&#8221;85px&#8221; padding_left=&#8221;&#8221; padding_right=&#8221;&#8221; hundred_percent=&#8221;no&#8221; equal_height_columns=&#8221;no&#8221; hide_on_mobile=&#8221;no&#8221; menu_anchor=&#8221;&#8221; [&hellip;]<\/p>\n","protected":false},"author":1,"featured_media":0,"parent":0,"menu_order":0,"comment_status":"closed","ping_status":"closed","template":"100-width.php","meta":{"footnotes":""},"yoast_head":"<!-- This site is optimized with the Yoast SEO plugin v16.4 - https:\/\/yoast.com\/wordpress\/plugins\/seo\/ -->\n<title>Kontakt - Confida<\/title>\n<meta name=\"robots\" content=\"index, follow, max-snippet:-1, max-image-preview:large, max-video-preview:-1\" \/>\n<link rel=\"canonical\" href=\"https:\/\/confida.simulus.hr\/hr\/kontakt\/\" \/>\n<meta property=\"og:locale\" content=\"en_US\" \/>\n<meta property=\"og:type\" content=\"article\" \/>\n<meta property=\"og:title\" content=\"Kontakt - Confida\" \/>\n<meta property=\"og:description\" content=\"[fusion_builder_container background_color=&#8221;#2b313c&#8221; background_image=&#8221;https:\/\/avada.theme-fusion.com\/law\/wp-content\/uploads\/sites\/24\/2015\/02\/banner-home.jpg&#8221; background_parallax=&#8221;up&#8221; enable_mobile=&#8221;no&#8221; parallax_speed=&#8221;0.4&#8243; background_repeat=&#8221;no-repeat&#8221; background_position=&#8221;left top&#8221; video_url=&#8221;&#8221; video_aspect_ratio=&#8221;16:9&#8243; video_webm=&#8221;&#8221; video_mp4=&#8221;&#8221; video_ogv=&#8221;&#8221; video_preview_image=&#8221;&#8221; overlay_color=&#8221;&#8221; video_mute=&#8221;yes&#8221; video_loop=&#8221;yes&#8221; fade=&#8221;no&#8221; border_size=&#8221;0px&#8221; border_color=&#8221;&#8221; border_style=&#8221;solid&#8221; padding_top=&#8221;110px&#8221; padding_bottom=&#8221;85px&#8221; padding_left=&#8221;&#8221; padding_right=&#8221;&#8221; hundred_percent=&#8221;no&#8221; equal_height_columns=&#8221;no&#8221; hide_on_mobile=&#8221;no&#8221; menu_anchor=&#8221;&#8221; [&hellip;]\" \/>\n<meta property=\"og:url\" content=\"https:\/\/confida.simulus.hr\/hr\/kontakt\/\" \/>\n<meta property=\"og:site_name\" content=\"Confida\" \/>\n<meta property=\"article:modified_time\" content=\"2021-05-11T14:55:24+00:00\" \/>\n<meta name=\"twitter:card\" content=\"summary_large_image\" \/>\n<meta name=\"twitter:label1\" content=\"Est. reading time\" \/>\n\t<meta name=\"twitter:data1\" content=\"3 minutes\" \/>\n<script type=\"application\/ld+json\" class=\"yoast-schema-graph\">{\"@context\":\"https:\/\/schema.org\",\"@graph\":[{\"@type\":\"WebSite\",\"@id\":\"https:\/\/confida.simulus.hr\/hr\/#website\",\"url\":\"https:\/\/confida.simulus.hr\/hr\/\",\"name\":\"Confida\",\"description\":\"Tax Audit Consulting\",\"potentialAction\":[{\"@type\":\"SearchAction\",\"target\":\"https:\/\/confida.simulus.hr\/hr\/?s={search_term_string}\",\"query-input\":\"required name=search_term_string\"}],\"inLanguage\":\"en\"},{\"@type\":\"WebPage\",\"@id\":\"https:\/\/confida.simulus.hr\/hr\/kontakt\/#webpage\",\"url\":\"https:\/\/confida.simulus.hr\/hr\/kontakt\/\",\"name\":\"Kontakt - Confida\",\"isPartOf\":{\"@id\":\"https:\/\/confida.simulus.hr\/hr\/#website\"},\"datePublished\":\"2015-07-01T19:50:39+00:00\",\"dateModified\":\"2021-05-11T14:55:24+00:00\",\"breadcrumb\":{\"@id\":\"https:\/\/confida.simulus.hr\/hr\/kontakt\/#breadcrumb\"},\"inLanguage\":\"en\",\"potentialAction\":[{\"@type\":\"ReadAction\",\"target\":[\"https:\/\/confida.simulus.hr\/hr\/kontakt\/\"]}]},{\"@type\":\"BreadcrumbList\",\"@id\":\"https:\/\/confida.simulus.hr\/hr\/kontakt\/#breadcrumb\",\"itemListElement\":[{\"@type\":\"ListItem\",\"position\":1,\"item\":{\"@type\":\"WebPage\",\"@id\":\"https:\/\/confida.simulus.hr\/hr\/\",\"url\":\"https:\/\/confida.simulus.hr\/hr\/\",\"name\":\"Home\"}},{\"@type\":\"ListItem\",\"position\":2,\"item\":{\"@id\":\"https:\/\/confida.simulus.hr\/hr\/kontakt\/#webpage\"}}]}]}<\/script>\n<!-- \/ Yoast SEO plugin. -->","_links":{"self":[{"href":"https:\/\/confida.simulus.hr\/hr\/wp-json\/wp\/v2\/pages\/744"}],"collection":[{"href":"https:\/\/confida.simulus.hr\/hr\/wp-json\/wp\/v2\/pages"}],"about":[{"href":"https:\/\/confida.simulus.hr\/hr\/wp-json\/wp\/v2\/types\/page"}],"author":[{"embeddable":true,"href":"https:\/\/confida.simulus.hr\/hr\/wp-json\/wp\/v2\/users\/1"}],"replies":[{"embeddable":true,"href":"https:\/\/confida.simulus.hr\/hr\/wp-json\/wp\/v2\/comments?post=744"}],"version-history":[{"count":16,"href":"https:\/\/confida.simulus.hr\/hr\/wp-json\/wp\/v2\/pages\/744\/revisions"}],"predecessor-version":[{"id":2317,"href":"https:\/\/confida.simulus.hr\/hr\/wp-json\/wp\/v2\/pages\/744\/revisions\/2317"}],"wp:attachment":[{"href":"https:\/\/confida.simulus.hr\/hr\/wp-json\/wp\/v2\/media?parent=744"}],"curies":[{"name":"wp","href":"https:\/\/api.w.org\/{rel}","templated":true}]}}